{"id":11,"date":"2023-12-06T16:59:02","date_gmt":"2023-12-06T16:59:02","guid":{"rendered":"https:\/\/zyphirdev.com\/?page_id=11"},"modified":"2023-12-21T12:39:29","modified_gmt":"2023-12-21T12:39:29","slug":"privacy-policy","status":"publish","type":"page","link":"https:\/\/zyphirdev.com\/it\/privacy-policy\/","title":{"rendered":"Informativa sulla privacy"},"content":{"rendered":"<h2 class=\"wp-block-heading\"><strong>1. Introduzione<\/strong><\/h2>\n\n\n\n<p>Benvenuti nell'Informativa sulla privacy di Zyphir Dev. Questa politica ha lo scopo di informare l'utente sulla raccolta e l'utilizzo dei suoi dati aziendali e personali, sottolineando il nostro impegno a salvaguardare i suoi dati e a garantire la trasparenza nel modo in cui li gestiamo.<\/p>\n\n\n\n<h3 class=\"wp-block-heading\"><strong>1.1 Scopo<\/strong><\/h3>\n\n\n\n<p>Noi di Zyphir Dev diamo priorit\u00e0 alla sicurezza e alla privacy delle informazioni che ci vengono affidate. La presente Informativa sulla privacy \u00e8 una guida completa che illustra i metodi specifici con cui raccogliamo, utilizziamo e salvaguardiamo i dati aziendali e personali. Il nostro impegno \u00e8 quello di garantire la trasparenza e di creare fiducia, fornendo soluzioni IT su misura per le aziende.<\/p>\n\n\n\n<h3 class=\"wp-block-heading\"><strong>1.2 Ambito di applicazione<\/strong><\/h3>\n\n\n\n<p>Questa politica si applica a tutti gli utenti del sito web e dei servizi di Zyphir Dev. Essa comprende la raccolta, l'uso e la protezione delle informazioni commerciali e personali e delinea i diritti degli utenti, i meccanismi di opt-out e le procedure per la modifica dei dati personali.<\/p>\n\n\n\n<h2 class=\"wp-block-heading\"><strong>2. Informazioni raccolte<\/strong><\/h2>\n\n\n\n<p>Questa sezione illustra in dettaglio i tipi specifici di informazioni che Zyphir Dev raccoglie, concentrandosi sulla trasparenza e sulla chiarezza delle nostre pratiche in materia di dati per rispondere meglio alle vostre esigenze aziendali.<\/p>\n\n\n\n<h3 class=\"wp-block-heading\"><strong>2.1 Dati aziendali<\/strong><\/h3>\n\n\n\n<p>Nel corso della fornitura di soluzioni IT su misura, Zyphir Dev raccoglie i seguenti dati aziendali:<\/p>\n\n\n\n<ul>\n<li>E-mail aziendale<\/li>\n\n\n\n<li>Telefono aziendale<\/li>\n\n\n\n<li>Nome della societ\u00e0<\/li>\n\n\n\n<li>Sito web<\/li>\n\n\n\n<li>Industria<\/li>\n<\/ul>\n\n\n\n<p>Queste informazioni ci consentono di comprendere il vostro contesto aziendale e di fornire servizi in linea con le vostre esigenze di settore. Trattiamo questi dati con riservatezza e adottiamo solide misure di sicurezza per salvaguardarne l'integrit\u00e0.<\/p>\n\n\n\n<h3 class=\"wp-block-heading\"><strong>2.2 Dati personali<\/strong><\/h3>\n\n\n\n<p>Come parte integrante dell'avvio di un ordine, della richiesta di assistenza o di chiarimenti, Zyphir Dev richiede i seguenti dati personali obbligatori:<\/p>\n\n\n\n<ul>\n<li>Nome dell'utente<\/li>\n<\/ul>\n\n\n\n<p>Queste informazioni essenziali vengono raccolte con il vostro consenso, garantendo un'interazione personalizzata ed efficace. Diamo priorit\u00e0 alla sicurezza e alla riservatezza dei vostri dati personali attraverso solide misure di protezione.<\/p>\n\n\n\n<h2 class=\"wp-block-heading\"><strong>3. Utilizzo delle informazioni<\/strong><\/h2>\n\n\n\n<p>Questa sezione illustra come Zyphir Dev utilizza i dati raccolti. Fornisce informazioni chiare sulle finalit\u00e0 dell'utilizzo dei vostri dati aziendali e personali, favorendo la trasparenza delle nostre pratiche. Capire come vengono utilizzate le vostre informazioni \u00e8 essenziale per creare fiducia nei nostri servizi.<\/p>\n\n\n\n<h3 class=\"wp-block-heading\"><strong>3.1 Scopo<\/strong><\/h3>\n\n\n\n<p>Zyphir Dev raccoglie dati aziendali con l'obiettivo primario di fornire e ottimizzare soluzioni IT che affrontino le sfide informatiche uniche delle aziende. Questo include l'utilizzo di e-mail, telefono, nome dell'azienda, sito web e informazioni di settore per garantire che i nostri servizi si allineino efficacemente ai vostri requisiti operativi.<\/p>\n\n\n\n<p>Inoltre, i dati personali, in particolare il nome dell'utente, vengono utilizzati esclusivamente per la personalizzazione e la comunicazione. Questo ci permette di migliorare l'esperienza dell'utente e di facilitare una comunicazione bidirezionale efficace, garantendo un'interazione perfetta e personalizzata con i nostri servizi. Diamo priorit\u00e0 alla riservatezza e alla sicurezza dei dati aziendali e personali attraverso misure rigorose per mantenere la vostra fiducia nell'impegno di Zyphir Dev per la privacy.<\/p>\n\n\n\n<h3 class=\"wp-block-heading\"><strong>3.2 Comunicazione<\/strong><\/h3>\n\n\n\n<p>Zyphir Dev comunica con gli utenti tramite l'e-mail aziendale e il telefono forniti per i seguenti scopi:<\/p>\n\n\n\n<p><strong>Comunicazione legata al servizio:<\/strong><\/p>\n\n\n\n<ul>\n<li>Per trasmettere informazioni importanti sulle soluzioni IT richieste.<\/li>\n\n\n\n<li>Aggiornamenti sull'andamento dei progetti o dei servizi in corso.<\/li>\n<\/ul>\n\n\n\n<p><strong>Notifiche e annunci:<\/strong><\/p>\n\n\n\n<ul>\n<li>Informare gli utenti su aggiornamenti, nuove funzionalit\u00e0 o modifiche ai nostri servizi.<\/li>\n<\/ul>\n\n\n\n<p><strong>Informazioni rilevanti:<\/strong><\/p>\n\n\n\n<ul>\n<li>Condividere approfondimenti sul settore, best practice o informazioni che possono essere utili alla vostra azienda.<\/li>\n<\/ul>\n\n\n\n<p>Le nostre pratiche di comunicazione sono progettate per tenervi informati e impegnati con i servizi di Zyphir Dev, assicurando una collaborazione continua e produttiva. Se in qualsiasi momento si desidera modificare le proprie preferenze di comunicazione, consultare la sezione \"Diritti dell'utente\" per le opzioni di rinuncia o di modifica delle impostazioni.<\/p>\n\n\n\n<h2 class=\"wp-block-heading\"><strong>4. Protezione delle informazioni<\/strong><\/h2>\n\n\n\n<p>Per Zyphir Dev \u00e8 fondamentale garantire la sicurezza dei vostri dati. Questa sezione illustra le solide misure adottate per salvaguardare le informazioni aziendali e personali, sottolineando il nostro impegno a mantenere l'integrit\u00e0 e la riservatezza dei vostri preziosi dati.<\/p>\n\n\n\n<h3 class=\"wp-block-heading\"><strong>4.1 Misure di sicurezza<\/strong><\/h3>\n\n\n\n<p>Noi di Zyphir Dev diamo priorit\u00e0 alla sicurezza delle vostre informazioni attraverso una serie completa di misure standard del settore. Queste includono:<\/p>\n\n\n\n<p><strong>Crittografia dei dati:<\/strong><\/p>\n\n\n\n<ul>\n<li>Tutte le trasmissioni di dati, comprese le informazioni aziendali e personali, sono crittografate per impedire l'intercettazione e garantire una comunicazione sicura.<\/li>\n<\/ul>\n\n\n\n<p><strong>Controlli di accesso:<\/strong><\/p>\n\n\n\n<ul>\n<li>I rigorosi controlli di accesso e i meccanismi di autenticazione garantiscono che solo il personale autorizzato possa accedere ai dati sensibili.<\/li>\n<\/ul>\n\n\n\n<p><strong>Protezione firewall:<\/strong><\/p>\n\n\n\n<ul>\n<li>Robusti sistemi firewall monitorano e controllano il traffico di rete in entrata e in uscita, proteggendo da accessi non autorizzati e da potenziali minacce.<\/li>\n<\/ul>\n\n\n\n<p><strong>Audit di sicurezza regolari:<\/strong><\/p>\n\n\n\n<ul>\n<li>Vengono condotti audit e valutazioni di sicurezza di routine per identificare le vulnerabilit\u00e0 e affrontare in modo proattivo i potenziali rischi per i nostri sistemi.<\/li>\n<\/ul>\n\n\n\n<p><strong>Formazione dei dipendenti:<\/strong><\/p>\n\n\n\n<ul>\n<li>I programmi di formazione continua assicurano che il nostro personale sia ben informato sui protocolli di sicurezza, promuovendo una cultura di consapevolezza e responsabilit\u00e0.<\/li>\n<\/ul>\n\n\n\n<p>Queste misure formano complessivamente un approccio a pi\u00f9 livelli per proteggere le informazioni aziendali e personali da accessi non autorizzati, divulgazione, alterazione e distruzione. Zyphir Dev rimane fedele al suo impegno nel sostenere i pi\u00f9 alti standard di sicurezza delle informazioni.<\/p>\n\n\n\n<h3 class=\"wp-block-heading\"><strong>4.2 Conservazione dei dati<\/strong><\/h3>\n\n\n\n<p>Zyphir Dev segue una politica di conservazione dei dati attenta e mirata, per garantire un trattamento responsabile delle informazioni aziendali e personali:<\/p>\n\n\n\n<p><strong>Dati aziendali:<\/strong><\/p>\n\n\n\n<ul>\n<li>Conserviamo i dati aziendali per il tempo necessario a raggiungere gli scopi previsti. Questi dati comprendono l'e-mail aziendale, il telefono, il nome della societ\u00e0, il sito web e le informazioni sul settore, che vengono conservati in modo sicuro per tutta la durata del nostro incarico. Una volta esaurito lo scopo, i dati vengono smaltiti tempestivamente e in modo sicuro secondo le procedure stabilite.<\/li>\n<\/ul>\n\n\n\n<p><strong>Dati personali:<\/strong><\/p>\n\n\n\n<ul>\n<li>I dati personali, in particolare il nome dell'utente, vengono conservati solo per la durata necessaria ai fini della comunicazione. Ci\u00f2 facilita un'interazione personalizzata ed efficiente nel rispetto della privacy dell'utente. Una volta cessata la necessit\u00e0 di comunicare, i dati personali vengono cancellati in modo sicuro per garantire la conformit\u00e0 al nostro impegno di minimizzazione e protezione dei dati.<\/li>\n<\/ul>\n\n\n\n<p>Questo approccio alla conservazione dei dati riflette la nostra dedizione al mantenimento dell'integrit\u00e0 delle vostre informazioni e sottolinea il nostro impegno a gestirle in modo responsabile per tutto il loro ciclo di vita.<\/p>\n\n\n\n<h2 class=\"wp-block-heading\"><strong>5. Condivisione delle informazioni<\/strong><\/h2>\n\n\n\n<p>Questa sezione spiega come Zyphir Dev gestisce la condivisione delle informazioni. Il nostro obiettivo \u00e8 quello di essere chiari e trasparenti su quando e come possiamo condividere i vostri dati aziendali e personali, dando sempre la priorit\u00e0 alla vostra privacy e sicurezza.<\/p>\n\n\n\n<h3 class=\"wp-block-heading\"><strong>5.1 Terzi<\/strong><\/h3>\n\n\n\n<p>Zyphir Dev mantiene un impegno rigoroso per la riservatezza delle vostre informazioni. Ecco come gestiamo il coinvolgimento di terzi:<\/p>\n\n\n\n<p><strong>Nessuna vendita, scambio o trasferimento:<\/strong><\/p>\n\n\n\n<ul>\n<li>Zyphir Dev non vende, scambia o trasferisce i vostri dati aziendali o personali a terzi senza il vostro esplicito consenso.<\/li>\n<\/ul>\n\n\n\n<p><strong>Fornitori di servizi integrali:<\/strong><\/p>\n\n\n\n<ul>\n<li>In alcuni casi, fornitori di servizi essenziali possono essere coinvolti nelle nostre operazioni per migliorare e facilitare i nostri servizi. Queste terze parti sono accuratamente selezionate e strettamente vincolate da accordi di riservatezza per garantire la sicurezza e la privacy dei vostri dati.<\/li>\n<\/ul>\n\n\n\n<p><strong>Trasparenza e consenso:<\/strong><\/p>\n\n\n\n<ul>\n<li>Qualsiasi condivisione di dati con terze parti, oltre ai fornitori di servizi integrali, sar\u00e0 comunicata in modo trasparente e l'utente otterr\u00e0 il consenso prima di procedere a tale condivisione.<\/li>\n<\/ul>\n\n\n\n<p>Il nostro impegno \u00e8 quello di proteggere i vostri dati e qualsiasi impegno con terze parti \u00e8 guidato dalla necessit\u00e0 di migliorare e fornire i nostri servizi con i pi\u00f9 alti standard di sicurezza e privacy.<\/p>\n\n\n\n<h3 class=\"wp-block-heading\"><strong>5.2 Conformit\u00e0 legale<\/strong><\/h3>\n\n\n\n<p>Zyphir Dev si impegna a rispettare gli standard legali e a proteggere le vostre informazioni e i diritti e gli interessi della nostra azienda. Ecco una panoramica dettagliata:<\/p>\n\n\n\n<p><strong>Obblighi legali:<\/strong><\/p>\n\n\n\n<ul>\n<li>In determinate situazioni, Zyphir Dev potrebbe essere obbligata a divulgare informazioni in ottemperanza a requisiti legali, ad esempio per rispondere a richieste legittime da parte delle forze dell'ordine o delle autorit\u00e0 governative.<\/li>\n<\/ul>\n\n\n\n<p><strong>Tutela dei diritti e degli interessi:<\/strong><\/p>\n\n\n\n<ul>\n<li>Le informazioni possono essere divulgate per salvaguardare i diritti e gli interessi di Zyphir Dev, in particolare quando \u00e8 necessario far rispettare i nostri termini di servizio o affrontare problemi di sicurezza.<\/li>\n<\/ul>\n\n\n\n<p><strong>Trasparenza nelle informazioni legali:<\/strong><\/p>\n\n\n\n<ul>\n<li>Le leggi in vigore prevedono la divulgazione di qualsiasi informazione a fini di conformit\u00e0 legale. Ci impegneremo a fornire una comunicazione trasparente agli utenti interessati, a meno che non sia vietato dalla legge o da un ordine del tribunale.<\/li>\n<\/ul>\n\n\n\n<p>Il nostro impegno per la conformit\u00e0 legale \u00e8 bilanciato dalla dedizione alla salvaguardia della vostra privacy, e ci assicuriamo che qualsiasi divulgazione sia fatta entro i limiti della legge, cercando di mantenere la trasparenza e la responsabilit\u00e0.<\/p>\n\n\n\n<h2 class=\"wp-block-heading\"><strong>6. Diritti dell'utente<\/strong><\/h2>\n\n\n\n<p>Questa sezione illustra i diritti concessi agli utenti da Zyphir Dev. La comprensione e l'esercizio di questi diritti consente agli utenti di controllare i propri dati e garantisce la trasparenza del nostro impegno a rispettare e proteggere la privacy degli utenti.<\/p>\n\n\n\n<h3 class=\"wp-block-heading\"><strong>6.1 Accesso e correzione<\/strong><\/h3>\n\n\n\n<p>Noi di Zyphir Dev crediamo che gli utenti abbiano il controllo dei propri dati. Ecco come gestiamo le richieste di accesso e correzione:<\/p>\n\n\n\n<p><strong>Accesso ai vostri dati:<\/strong><\/p>\n\n\n\n<ul>\n<li>Gli utenti possono richiedere l'accesso ai dati personali e aziendali in possesso di Zyphir Dev. Una volta ricevuta la richiesta, Zyphir Dev fornir\u00e0 dettagli sulle informazioni raccolte, sulle loro finalit\u00e0 e sui soggetti con cui potrebbero essere state condivise.<\/li>\n<\/ul>\n\n\n\n<p><strong>Correzione delle imprecisioni:<\/strong><\/p>\n\n\n\n<ul>\n<li>Se gli utenti individuano inesattezze o informazioni incomplete nei loro dati, Zyphir Dev si impegna a correggere o aggiornare prontamente le informazioni. Gli utenti possono inviare richieste di correzione, garantendo l'accuratezza e l'integrit\u00e0 dei propri dati.<\/li>\n<\/ul>\n\n\n\n<p><strong>Processo di richiesta:<\/strong><\/p>\n\n\n\n<ul>\n<li>Per avviare una richiesta di accesso o correzione, gli utenti possono contattare Zyphir Dev attraverso i canali di contatto designati forniti nella sezione \"Informazioni di contatto\" della presente informativa sulla privacy.<\/li>\n<\/ul>\n\n\n\n<p>Ci impegniamo a facilitare questi diritti, a promuovere la trasparenza e a garantire che gli utenti mantengano il controllo sull'accuratezza e l'integrit\u00e0 delle informazioni in possesso di Zyphir Dev.<\/p>\n\n\n\n<h3 class=\"wp-block-heading\"><strong>6.2 Opt-Out<\/strong><\/h3>\n\n\n\n<h4 class=\"wp-block-heading\">Il rispetto delle preferenze degli utenti \u00e8 fondamentale per Zyphir Dev. Ecco come gestiamo il diritto di non ricevere comunicazioni di marketing:<\/h4>\n\n\n\n<p><strong>Opzione di esclusione chiara:<\/strong><\/p>\n\n\n\n<ul>\n<li>Agli utenti viene fornita un'opzione chiara e facilmente accessibile per rinunciare a ricevere comunicazioni di marketing. Questa opzione \u00e8 di solito disponibile nei materiali di comunicazione o pu\u00f2 essere richiesta attraverso i canali di contatto designati.<\/li>\n<\/ul>\n\n\n\n<p><strong>Elaborazione tempestiva delle richieste:<\/strong><\/p>\n\n\n\n<ul>\n<li>Le richieste di opt-out vengono prontamente elaborate per garantire che gli utenti siano esclusi da future comunicazioni di marketing. Gli utenti possono ricevere una conferma dell'avvenuta cancellazione per essere rassicurati.<\/li>\n<\/ul>\n\n\n\n<p>Preferenze di comunicazione flessibili:<\/p>\n\n\n\n<ul>\n<li>Zyphir Dev riconosce che le preferenze di comunicazione possono cambiare nel tempo. Gli utenti possono modificare le proprie preferenze o iscriversi nuovamente alle comunicazioni di marketing utilizzando i canali previsti.<\/li>\n<\/ul>\n\n\n\n<p><strong>Nessun impatto sulle comunicazioni essenziali:<\/strong><\/p>\n\n\n\n<ul>\n<li>La rinuncia alle comunicazioni di marketing non influisce sulle comunicazioni essenziali relative ai servizi. Gli utenti continueranno a ricevere gli aggiornamenti critici e le informazioni necessarie per fornire i servizi.<\/li>\n<\/ul>\n\n\n\n<p>La possibilit\u00e0 per gli utenti di controllare le proprie preferenze di comunicazione \u00e8 parte integrante del nostro impegno per la privacy. Zyphir Dev si propone di fornire un'esperienza continua e rispettosa per gli utenti che scelgono di non ricevere comunicazioni di marketing.<\/p>\n\n\n\n<h2 class=\"wp-block-heading\"><strong>7. Modifiche all'Informativa sulla privacy<\/strong><\/h2>\n\n\n\n<p>Questa sezione illustra l'approccio di Zyphir Dev all'aggiornamento e alla modifica della nostra Informativa sulla privacy. La comprensione di queste pratiche \u00e8 fondamentale, in quanto garantisce la trasparenza e fornisce indicazioni su come gestiamo le modifiche per proteggere la privacy degli utenti.<\/p>\n\n\n\n<h3 class=\"wp-block-heading\"><strong>7.1 Notifica<\/strong><\/h3>\n\n\n\n<p>Zyphir Dev si impegna a informare l'utente su eventuali modifiche alla nostra Informativa sulla privacy. Ecco come gestiamo gli aggiornamenti:<\/p>\n\n\n\n<p><strong>Notifica delle modifiche:<\/strong><\/p>\n\n\n\n<ul>\n<li>In caso di modifiche all'Informativa sulla privacy, Zyphir Dev fornir\u00e0 un avviso chiaro e visibile sul proprio sito web. Tale avviso potr\u00e0 includere un riepilogo delle modifiche e la data di entrata in vigore dell'informativa aggiornata.<\/li>\n<\/ul>\n\n\n\n<p><strong>Revisione delle modifiche:<\/strong><\/p>\n\n\n\n<ul>\n<li>Gli utenti sono invitati a rivedere regolarmente l'Informativa sulla privacy per essere sempre informati sul modo in cui vengono gestite le loro informazioni. Continuando a utilizzare il nostro sito web e i nostri servizi dopo le modifiche, gli utenti accettano l'informativa aggiornata.<\/li>\n<\/ul>\n\n\n\n<p><strong>Esprimere il consenso attraverso l'uso:<\/strong><\/p>\n\n\n\n<ul>\n<li>Se gli utenti continuano a utilizzare il sito web e i servizi di Zyphir Dev dopo le modifiche all'Informativa sulla privacy, ci\u00f2 viene considerato un riconoscimento e un'accettazione dei termini modificati. Gli utenti che non sono d'accordo con le modifiche devono astenersi dall'utilizzare i nostri servizi.<\/li>\n<\/ul>\n\n\n\n<p><strong>Contatto per le domande:<\/strong><\/p>\n\n\n\n<ul>\n<li>Gli utenti sono invitati a contattare Zyphir Dev attraverso i canali di contatto forniti in caso di domande o dubbi sull'Informativa sulla privacy aggiornata.<\/li>\n<\/ul>\n\n\n\n<p>Questo approccio garantisce che gli utenti siano informati di eventuali modifiche alle nostre pratiche e sottolinea l'importanza di rivedere regolarmente l'Informativa sulla privacy. L'uso continuato del nostro sito web dopo le modifiche \u00e8 considerato un'accettazione dei termini aggiornati.<\/p>\n\n\n\n<h2 class=\"wp-block-heading\"><strong>8. Informazioni di contatto<\/strong><\/h2>\n\n\n\n<p>In caso di domande sulle nostre pratiche in materia di privacy o sulla presente Informativa sulla privacy, si prega di contattare Zyphir Dev all'indirizzo:<\/p>\n\n\n\n<ul>\n<li>E-mail: <a href=\"mailto:Info@zyphirdev.com\">Info@zyphirdev.com<\/a><\/li>\n\n\n\n<li>Telefono: <a href=\"tel:+447458197386\" data-type=\"tel\" data-id=\"tel:+447458197386\">+447458197386<\/a><\/li>\n\n\n\n<li>Modulo di contatto: <a href=\"https:\/\/zyphirdev.com\/it\/contacts\/\">https:\/\/zyphirdev.com\/contacts\/<\/a>&nbsp;<\/li>\n<\/ul>\n\n\n\n<p><strong>Grazie per aver scelto Zyphir Dev!<\/strong><\/p>","protected":false},"excerpt":{"rendered":"<p>1. Introduzione Benvenuti nella Politica sulla privacy di Zyphir Dev. La presente informativa ha lo scopo di informarvi sulla raccolta e sull'utilizzo dei vostri dati aziendali e personali, sottolineando il nostro impegno a salvaguardare i vostri dati e a garantire la trasparenza nel modo in cui li gestiamo. 1.1 Scopo In Zyphir Dev diamo priorit\u00e0 alla sicurezza e alla privacy delle informazioni affidate [...]<\/p>","protected":false},"author":1,"featured_media":0,"parent":0,"menu_order":0,"comment_status":"closed","ping_status":"closed","template":"template-pages\/policy.php","meta":{"inline_featured_image":false,"footnotes":""},"acf":[],"yoast_head":"<!-- This site is optimized with the Yoast SEO plugin v21.7 - https:\/\/yoast.com\/wordpress\/plugins\/seo\/ -->\n<title>Privacy policy - Zyphirdev<\/title>\n<meta name=\"robots\" content=\"index, follow, max-snippet:-1, max-image-preview:large, max-video-preview:-1\" \/>\n<link rel=\"canonical\" href=\"https:\/\/zyphirdev.com\/it\/privacy-policy\/\" \/>\n<meta property=\"og:locale\" content=\"it_IT\" \/>\n<meta property=\"og:type\" content=\"article\" \/>\n<meta property=\"og:title\" content=\"Privacy policy - Zyphirdev\" \/>\n<meta property=\"og:description\" content=\"1. Introduction Welcome to Zyphir Dev&#8217;s Privacy Policy. This policy is designed to inform you about collecting and using your business and personal information, emphasising our commitment to safeguarding your data and ensuring transparency in how we handle it. 1.1 Purpose At Zyphir Dev, we prioritise the security and privacy of the information entrusted to [&hellip;]\" \/>\n<meta property=\"og:url\" content=\"https:\/\/zyphirdev.com\/it\/privacy-policy\/\" \/>\n<meta property=\"og:site_name\" content=\"Zyphirdev\" \/>\n<meta property=\"article:modified_time\" content=\"2023-12-21T12:39:29+00:00\" \/>\n<meta name=\"twitter:card\" content=\"summary_large_image\" \/>\n<meta name=\"twitter:label1\" content=\"Tempo di lettura stimato\" \/>\n\t<meta name=\"twitter:data1\" content=\"9 minuti\" \/>\n<script type=\"application\/ld+json\" class=\"yoast-schema-graph\">{\"@context\":\"https:\/\/schema.org\",\"@graph\":[{\"@type\":\"WebPage\",\"@id\":\"https:\/\/zyphirdev.com\/privacy-policy\/\",\"url\":\"https:\/\/zyphirdev.com\/privacy-policy\/\",\"name\":\"Privacy policy - Zyphirdev\",\"isPartOf\":{\"@id\":\"https:\/\/zyphirdev.com\/#website\"},\"datePublished\":\"2023-12-06T16:59:02+00:00\",\"dateModified\":\"2023-12-21T12:39:29+00:00\",\"breadcrumb\":{\"@id\":\"https:\/\/zyphirdev.com\/privacy-policy\/#breadcrumb\"},\"inLanguage\":\"it-IT\",\"potentialAction\":[{\"@type\":\"ReadAction\",\"target\":[\"https:\/\/zyphirdev.com\/privacy-policy\/\"]}]},{\"@type\":\"BreadcrumbList\",\"@id\":\"https:\/\/zyphirdev.com\/privacy-policy\/#breadcrumb\",\"itemListElement\":[{\"@type\":\"ListItem\",\"position\":1,\"name\":\"Home\",\"item\":\"https:\/\/zyphirdev.com\/\"},{\"@type\":\"ListItem\",\"position\":2,\"name\":\"Privacy policy\"}]},{\"@type\":\"WebSite\",\"@id\":\"https:\/\/zyphirdev.com\/#website\",\"url\":\"https:\/\/zyphirdev.com\/\",\"name\":\"Zyphirdev\",\"description\":\"\",\"potentialAction\":[{\"@type\":\"SearchAction\",\"target\":{\"@type\":\"EntryPoint\",\"urlTemplate\":\"https:\/\/zyphirdev.com\/?s={search_term_string}\"},\"query-input\":\"required name=search_term_string\"}],\"inLanguage\":\"it-IT\"}]}<\/script>\n<!-- \/ Yoast SEO plugin. -->","yoast_head_json":{"title":"Privacy policy - Zyphirdev","robots":{"index":"index","follow":"follow","max-snippet":"max-snippet:-1","max-image-preview":"max-image-preview:large","max-video-preview":"max-video-preview:-1"},"canonical":"https:\/\/zyphirdev.com\/it\/privacy-policy\/","og_locale":"it_IT","og_type":"article","og_title":"Privacy policy - Zyphirdev","og_description":"1. Introduction Welcome to Zyphir Dev&#8217;s Privacy Policy. This policy is designed to inform you about collecting and using your business and personal information, emphasising our commitment to safeguarding your data and ensuring transparency in how we handle it. 1.1 Purpose At Zyphir Dev, we prioritise the security and privacy of the information entrusted to [&hellip;]","og_url":"https:\/\/zyphirdev.com\/it\/privacy-policy\/","og_site_name":"Zyphirdev","article_modified_time":"2023-12-21T12:39:29+00:00","twitter_card":"summary_large_image","twitter_misc":{"Tempo di lettura stimato":"9 minuti"},"schema":{"@context":"https:\/\/schema.org","@graph":[{"@type":"WebPage","@id":"https:\/\/zyphirdev.com\/privacy-policy\/","url":"https:\/\/zyphirdev.com\/privacy-policy\/","name":"Privacy policy - Zyphirdev","isPartOf":{"@id":"https:\/\/zyphirdev.com\/#website"},"datePublished":"2023-12-06T16:59:02+00:00","dateModified":"2023-12-21T12:39:29+00:00","breadcrumb":{"@id":"https:\/\/zyphirdev.com\/privacy-policy\/#breadcrumb"},"inLanguage":"it-IT","potentialAction":[{"@type":"ReadAction","target":["https:\/\/zyphirdev.com\/privacy-policy\/"]}]},{"@type":"BreadcrumbList","@id":"https:\/\/zyphirdev.com\/privacy-policy\/#breadcrumb","itemListElement":[{"@type":"ListItem","position":1,"name":"Home","item":"https:\/\/zyphirdev.com\/"},{"@type":"ListItem","position":2,"name":"Privacy policy"}]},{"@type":"WebSite","@id":"https:\/\/zyphirdev.com\/#website","url":"https:\/\/zyphirdev.com\/","name":"Zyphirdev","description":"","potentialAction":[{"@type":"SearchAction","target":{"@type":"EntryPoint","urlTemplate":"https:\/\/zyphirdev.com\/?s={search_term_string}"},"query-input":"required name=search_term_string"}],"inLanguage":"it-IT"}]}},"_links":{"self":[{"href":"https:\/\/zyphirdev.com\/it\/wp-json\/wp\/v2\/pages\/11"}],"collection":[{"href":"https:\/\/zyphirdev.com\/it\/wp-json\/wp\/v2\/pages"}],"about":[{"href":"https:\/\/zyphirdev.com\/it\/wp-json\/wp\/v2\/types\/page"}],"author":[{"embeddable":true,"href":"https:\/\/zyphirdev.com\/it\/wp-json\/wp\/v2\/users\/1"}],"replies":[{"embeddable":true,"href":"https:\/\/zyphirdev.com\/it\/wp-json\/wp\/v2\/comments?post=11"}],"version-history":[{"count":4,"href":"https:\/\/zyphirdev.com\/it\/wp-json\/wp\/v2\/pages\/11\/revisions"}],"predecessor-version":[{"id":351,"href":"https:\/\/zyphirdev.com\/it\/wp-json\/wp\/v2\/pages\/11\/revisions\/351"}],"wp:attachment":[{"href":"https:\/\/zyphirdev.com\/it\/wp-json\/wp\/v2\/media?parent=11"}],"curies":[{"name":"wp","href":"https:\/\/api.w.org\/{rel}","templated":true}]}}